{"id":15,"date":"2023-10-13T17:38:57","date_gmt":"2023-10-13T17:38:57","guid":{"rendered":"https:\/\/dialog.bielsko.pl\/?page_id=15"},"modified":"2023-11-06T18:56:36","modified_gmt":"2023-11-06T18:56:36","slug":"oferta","status":"publish","type":"page","link":"https:\/\/dialog.bielsko.pl\/index.php\/oferta\/","title":{"rendered":"Oferta"},"content":{"rendered":"<h4>Zapraszam na psychoterapi\u0119 je\u015bli do\u015bwiadczasz trudno\u015bci<\/h4>\n<h4>w obszarze :<\/h4>\n<ul>\n<li>Zaburze\u0144 nastroju (depresja)<\/li>\n<li>Zaburze\u0144 l\u0119kowych (nerwica)<\/li>\n<li>Zaburze\u0144 psychosomatycznych<\/li>\n<li>Budowania i utrzymywania relacji z lud\u017ami<\/li>\n<li>U\u015bwiadamiania i wyra\u017cania uczu\u0107<\/li>\n<li>Wyra\u017cania z\u0142o\u015bci, wybuch\u00f3w agresji<\/li>\n<li>Prze\u017cywania kryzysu (rozw\u00f3d, utrata\/\u017ca\u0142oba, wypalenie zawodowe itp.)<\/li>\n<li>Nadu\u017cywania alkoholu\/ substancji psychoaktywnych\/ na\u0142og\u00f3w behawioralnych (hazard, pornografia, zakupy, gry komputerowe, internet )<\/li>\n<li>Wsp\u00f3\u0142uzale\u017cnienia \u2013 relacje z osob\u0105 uzale\u017cnion\u0105<\/li>\n<li>Zaburze\u0144 adaptacyjnych wynikaj\u0105cych z do\u015bwiadczenia \u00a0\u00a0\u00a0wychowywania w rodzinie z problemem uzale\u017cnienia lub inn\u0105 dysfunkcj\u0105 \u00a0\u00a0\u00a0( Doros\u0142e Dziecko Alkoholika, Doros\u0142e Dziecko z Rodziny Dysfunkcyjnej )<\/li>\n<\/ul>\n<p>&nbsp;<\/p>\n<h4><strong>Pomoc\u00a0 oferuj\u0119 w formie :<\/strong><\/h4>\n<p>Konsultacji indywidualnych \u2013 dotycz\u0105 zrozumienia Twojej aktualnej sytuacji oraz kierunk\u00f3w i form uzyskania dalszej pomocy<\/p>\n<p>Psychoterapii indywidualnej os\u00f3b doros\u0142ych \u2013 kwalifikacja do psychoterapii odbywa si\u0119 w czasie 2 &#8211; 3 spotka\u0144 diagnostycznych. Czas trwania psychoterapii i cz\u0119stotliwo\u015b\u0107 sesji ustalane s\u0105 indywidualnie<\/p>\n<p>Sesji psychoedukacyjnych w zakresie uzale\u017cnie\u0144 \u2013 cykl sesji dotycz\u0105cych uzale\u017cnienia\/wsp\u00f3\u0142uzale\u017cnienia maj\u0105cych na celu uzyskanie wiedzy na temat problemu<\/p>\n<p>Warsztat\u00f3w \u00a0rozwojowych \u2013 spotkania w grupie, kt\u00f3rych celem jest rozw\u00f3j osobisty b\u0105d\u017a nabywanie umiej\u0119tno\u015bci potrzebnych w \u017cyciu.<\/p>\n<p>&nbsp;<\/p>\n<h3 style=\"text-align: center;\">Je\u015bli poszukujesz pomocy terapeutycznej,\u00a0 Zapraszam do<a href=\"https:\/\/dialog.bielsko.pl\/index.php\/kontakt\/\"> kontaktu<\/a><\/h3>\n<p style=\"text-align: center;\"><img loading=\"lazy\" decoding=\"async\" class=\"alignnone size-medium wp-image-78\" src=\"https:\/\/dialog.bielsko.pl\/wp-content\/uploads\/2023\/10\/koperta-300x300.jpeg\" alt=\"\" width=\"300\" height=\"300\" srcset=\"https:\/\/dialog.bielsko.pl\/wp-content\/uploads\/2023\/10\/koperta-300x300.jpeg 300w, https:\/\/dialog.bielsko.pl\/wp-content\/uploads\/2023\/10\/koperta-150x150.jpeg 150w, https:\/\/dialog.bielsko.pl\/wp-content\/uploads\/2023\/10\/koperta-768x768.jpeg 768w, https:\/\/dialog.bielsko.pl\/wp-content\/uploads\/2023\/10\/koperta.jpeg 1024w\" sizes=\"auto, (max-width: 300px) 100vw, 300px\" \/><\/p>\n<p>&nbsp;<\/p>\n","protected":false},"excerpt":{"rendered":"<p>Zapraszam na psychoterapi\u0119 je\u015bli do\u015bwiadczasz trudno\u015bci w obszarze : Zaburze\u0144 nastroju (depresja) Zaburze\u0144 l\u0119kowych (nerwica) Zaburze\u0144 psychosomatycznych Budowania i utrzymywania relacji z lud\u017ami U\u015bwiadamiania i wyra\u017cania uczu\u0107 Wyra\u017cania z\u0142o\u015bci, wybuch\u00f3w agresji Prze\u017cywania kryzysu (rozw\u00f3d, utrata\/\u017ca\u0142oba, wypalenie zawodowe itp.) Nadu\u017cywania alkoholu\/ substancji psychoaktywnych\/ na\u0142og\u00f3w behawioralnych (hazard, pornografia, zakupy, gry komputerowe, internet ) Wsp\u00f3\u0142uzale\u017cnienia \u2013 relacje z &hellip; <\/p>\n","protected":false},"author":1,"featured_media":0,"parent":0,"menu_order":0,"comment_status":"closed","ping_status":"closed","template":"","meta":{"footnotes":""},"class_list":["post-15","page","type-page","status-publish","hentry","grid-sizer"],"_links":{"self":[{"href":"https:\/\/dialog.bielsko.pl\/index.php\/wp-json\/wp\/v2\/pages\/15","targetHints":{"allow":["GET"]}}],"collection":[{"href":"https:\/\/dialog.bielsko.pl\/index.php\/wp-json\/wp\/v2\/pages"}],"about":[{"href":"https:\/\/dialog.bielsko.pl\/index.php\/wp-json\/wp\/v2\/types\/page"}],"author":[{"embeddable":true,"href":"https:\/\/dialog.bielsko.pl\/index.php\/wp-json\/wp\/v2\/users\/1"}],"replies":[{"embeddable":true,"href":"https:\/\/dialog.bielsko.pl\/index.php\/wp-json\/wp\/v2\/comments?post=15"}],"version-history":[{"count":5,"href":"https:\/\/dialog.bielsko.pl\/index.php\/wp-json\/wp\/v2\/pages\/15\/revisions"}],"predecessor-version":[{"id":349,"href":"https:\/\/dialog.bielsko.pl\/index.php\/wp-json\/wp\/v2\/pages\/15\/revisions\/349"}],"wp:attachment":[{"href":"https:\/\/dialog.bielsko.pl\/index.php\/wp-json\/wp\/v2\/media?parent=15"}],"curies":[{"name":"wp","href":"https:\/\/api.w.org\/{rel}","templated":true}]}}